{"id":740,"date":"2025-04-09T20:07:59","date_gmt":"2025-04-09T18:07:59","guid":{"rendered":"https:\/\/handysunmonde.com\/?post_type=product&#038;p=740"},"modified":"2026-03-13T18:59:48","modified_gmt":"2026-03-13T17:59:48","slug":"handi-capable-lart-de-sourire-au-handicap","status":"publish","type":"product","link":"https:\/\/handysunmonde.com\/index.php\/product\/handi-capable-lart-de-sourire-au-handicap\/","title":{"rendered":"handi-capable : l\u2019art de sourire au handicap"},"content":{"rendered":"<div class=\"accordion active\">\n<div>A propos de l&rsquo;auteur<\/div>\n<\/div>\n<div class=\"accordion-item\">\n<div>\n<p>Patrick Talom, titulaire d\u2019un Master 1 de l\u2019Universit\u00e9 Catholique de Lille et d\u2019un Dipl\u00f4me d\u2019Aum\u00f4nier d\u2019h\u00f4pital (Universit\u00e9 de Strasbourg) est Pr\u00e9sident de l\u2019association Palyrom qui soutient les personnes en situation de handicap en France par le t\u00e9moignage et l\u2019\u00e9coute, et au Cameroun par l\u2019acheminement de mat\u00e9riel, la construction de rampes, le financement d\u2019\u00e9tudes et de soins m\u00e9dicaux. Il poursuit des travaux de recherches sur le handicap en Master 2 \u00e0 l\u2019\u00c9cole des Hautes \u00c9tudes en Sant\u00e9 publique de Rennes et \u00e0 l\u2019Universit\u00e9 Catholique de Lille.<\/p>\n<\/div>\n<\/div>\n","protected":false},"excerpt":{"rendered":"<div class=\"clearfix text-formatted field field--name-body field--type-text-with-summary field--label-hidden field__item\">\n<p>Hier, il marchait, hier il courait. Hier, il \u00e9tait autonome. Aujourd\u2019hui, il est paralys\u00e9 \u00e0 vie. Il n\u2019a pas choisi de d\u00e9pendre des autres. Dix ans apr\u00e8s l\u2019accident de voiture qui lui a \u00f4t\u00e9 l\u2019usage de ses jambes, il a fait le choix d\u2019aller se former pendant dix ans sur les probl\u00e9matiques du handicap \u00e0 l\u2019Universit\u00e9. Cet ouvrage raconte son quotidien d\u2019\u00e9tudiant universitaire en situation de handicap, bien d\u00e9termin\u00e9 \u00e0 contribuer activement \u00e0 l\u2019\u00e9closion d\u2019une soci\u00e9t\u00e9 plus inclusive et empathique. Parvenu \u00e0 mi-parcours de son \u00e9norme challenge, il ose se d\u00e9voiler pour motiver, soutenir, partager, c\u00e9l\u00e9brer la vie en disant : \u00ab La vie m\u2019a vol\u00e9 mes jambes ? Je lui donne mon sourire ! Chacun son handicap, chacun sa force de vivre. Je veux vivre et faire de ma vie un bouquet de sourires malgr\u00e9 ma vuln\u00e9rabilit\u00e9. Ma joie est de donner la joie ! \u00bb<\/p>\n<\/div>\n<div class=\"infos\">\n<div class=\"paragraph--type--contenu-accordeon product-description\">\n<div class=\"accordion active\"><\/div>\n<\/div>\n<\/div>\n","protected":false},"featured_media":717,"comment_status":"open","ping_status":"closed","template":"","meta":{"site-sidebar-layout":"default","site-content-layout":"","ast-site-content-layout":"default","site-content-style":"default","site-sidebar-style":"default","ast-global-header-display":"","ast-banner-title-visibility":"","ast-main-header-display":"","ast-hfb-above-header-display":"","ast-hfb-below-header-display":"","ast-hfb-mobile-header-display":"","site-post-title":"","ast-breadcrumbs-content":"","ast-featured-img":"","footer-sml-layout":"","ast-disable-related-posts":"","theme-transparent-header-meta":"default","adv-header-id-meta":"","stick-header-meta":"","header-above-stick-meta":"","header-main-stick-meta":"","header-below-stick-meta":"","astra-migrate-meta-layouts":"set","ast-page-background-enabled":"default","ast-page-background-meta":{"desktop":{"background-color":"var(--ast-global-color-4)","background-image":"","background-repeat":"repeat","background-position":"center center","background-size":"auto","background-attachment":"scroll","background-type":"","background-media":"","overlay-type":"","overlay-color":"","overlay-opacity":"","overlay-gradient":""},"tablet":{"background-color":"","background-image":"","background-repeat":"repeat","background-position":"center center","background-size":"auto","background-attachment":"scroll","background-type":"","background-media":"","overlay-type":"","overlay-color":"","overlay-opacity":"","overlay-gradient":""},"mobile":{"background-color":"","background-image":"","background-repeat":"repeat","background-position":"center center","background-size":"auto","background-attachment":"scroll","background-type":"","background-media":"","overlay-type":"","overlay-color":"","overlay-opacity":"","overlay-gradient":""}},"ast-content-background-meta":{"desktop":{"background-color":"var(--ast-global-color-5)","background-image":"","background-repeat":"repeat","background-position":"center center","background-size":"auto","background-attachment":"scroll","background-type":"","background-media":"","overlay-type":"","overlay-color":"","overlay-opacity":"","overlay-gradient":""},"tablet":{"background-color":"var(--ast-global-color-5)","background-image":"","background-repeat":"repeat","background-position":"center center","background-size":"auto","background-attachment":"scroll","background-type":"","background-media":"","overlay-type":"","overlay-color":"","overlay-opacity":"","overlay-gradient":""},"mobile":{"background-color":"var(--ast-global-color-5)","background-image":"","background-repeat":"repeat","background-position":"center center","background-size":"auto","background-attachment":"scroll","background-type":"","background-media":"","overlay-type":"","overlay-color":"","overlay-opacity":"","overlay-gradient":""}}},"product_brand":[],"product_cat":[17],"product_tag":[],"class_list":{"0":"post-740","1":"product","2":"type-product","3":"status-publish","4":"has-post-thumbnail","6":"product_cat-e-book","7":"desktop-align-left","8":"tablet-align-left","9":"mobile-align-left","11":"first","12":"instock","13":"downloadable","14":"shipping-taxable","15":"purchasable","16":"product-type-simple"},"_links":{"self":[{"href":"https:\/\/handysunmonde.com\/index.php\/wp-json\/wp\/v2\/product\/740","targetHints":{"allow":["GET"]}}],"collection":[{"href":"https:\/\/handysunmonde.com\/index.php\/wp-json\/wp\/v2\/product"}],"about":[{"href":"https:\/\/handysunmonde.com\/index.php\/wp-json\/wp\/v2\/types\/product"}],"replies":[{"embeddable":true,"href":"https:\/\/handysunmonde.com\/index.php\/wp-json\/wp\/v2\/comments?post=740"}],"wp:featuredmedia":[{"embeddable":true,"href":"https:\/\/handysunmonde.com\/index.php\/wp-json\/wp\/v2\/media\/717"}],"wp:attachment":[{"href":"https:\/\/handysunmonde.com\/index.php\/wp-json\/wp\/v2\/media?parent=740"}],"wp:term":[{"taxonomy":"product_brand","embeddable":true,"href":"https:\/\/handysunmonde.com\/index.php\/wp-json\/wp\/v2\/product_brand?post=740"},{"taxonomy":"product_cat","embeddable":true,"href":"https:\/\/handysunmonde.com\/index.php\/wp-json\/wp\/v2\/product_cat?post=740"},{"taxonomy":"product_tag","embeddable":true,"href":"https:\/\/handysunmonde.com\/index.php\/wp-json\/wp\/v2\/product_tag?post=740"}],"curies":[{"name":"wp","href":"https:\/\/api.w.org\/{rel}","templated":true}]}}