{"id":739,"date":"2025-04-09T20:01:32","date_gmt":"2025-04-09T18:01:32","guid":{"rendered":"https:\/\/handysunmonde.com\/?post_type=product&#038;p=739"},"modified":"2026-03-13T18:59:48","modified_gmt":"2026-03-13T17:59:48","slug":"ma-force-de-vivre-2","status":"publish","type":"product","link":"https:\/\/handysunmonde.com\/index.php\/product\/ma-force-de-vivre-2\/","title":{"rendered":"Ma Force de vivre \u00a0"},"content":{"rendered":"<p class=\"\" data-start=\"124\" data-end=\"165\"><strong data-start=\"124\" data-end=\"136\">Ma Force<\/strong><br data-start=\"136\" data-end=\"139\" \/><strong data-start=\"139\" data-end=\"165\">Auteur : Patrick TALOM<\/strong><\/p>\n<p class=\"\" data-start=\"167\" data-end=\"692\">Dans <em data-start=\"172\" data-end=\"182\">Ma Force<\/em>, Patrick TALOM invite les lecteurs \u00e0 r\u00e9fl\u00e9chir aux questions fondamentales des origines de la vie et de son but ultime. Ce livre num\u00e9rique n\u2019est pas seulement un discours \u00e9rudit, mais aussi un t\u00e9moignage sinc\u00e8re, ancr\u00e9 dans les exp\u00e9riences profondes et personnelles de l\u2019auteur. Ayant lui-m\u00eame affront\u00e9 d\u2019importants d\u00e9fis physiques, Patrick partage son parcours, d\u2019une jeunesse joyeuse \u00e0 une compr\u00e9hension existentielle plus profonde, comparable \u00e0 la transformation de Saint Paul dans la th\u00e9ologie chr\u00e9tienne.<\/p>\n<p class=\"\" data-start=\"694\" data-end=\"1125\">Ce livre de 60 pages, disponible en fran\u00e7ais en t\u00e9l\u00e9chargement num\u00e9rique imm\u00e9diat, capture l\u2019essence d\u2019une vie align\u00e9e sur la \u00ab\u00a0VOIE\u00a0\u00bb \u2014 un concept que Patrick incarne \u00e0 travers sa qu\u00eate quotidienne de v\u00e9rit\u00e9 et de compr\u00e9hension. Son r\u00e9cit nous rassure et nous guide \u00e0 travers les al\u00e9as de la vie, en offrant bien plus qu\u2019une simple r\u00e9flexion intellectuelle : c\u2019est une exp\u00e9dition spirituelle vers la r\u00e9alisation de sa vie en Christ.<\/p>\n<p class=\"\" data-start=\"1127\" data-end=\"1505\">Les r\u00e9flexions de Patrick sont profondes et transformatrices, offrant des \u00e9clairages sur la mani\u00e8re dont la perte personnelle peut mener \u00e0 de plus grandes richesses spirituelles. Il pousse les lecteurs \u00e0 s\u2019interroger sur ce qu\u2019ils valorisent vraiment, et les encourage \u00e0 aller au-del\u00e0 des possessions mat\u00e9rielles pour embrasser une vie plus \u00e9panouie et enrichie spirituellement.<\/p>\n<p class=\"\" data-start=\"1507\" data-end=\"1528\"><strong data-start=\"1507\" data-end=\"1528\">Langue : Fran\u00e7ais<\/strong><\/p>\n<p class=\"\" data-start=\"1530\" data-end=\"1802\">Ce livre num\u00e9rique est incontournable pour quiconque cherche de la clart\u00e9 et de l\u2019inspiration dans son cheminement spirituel, en offrant une perspective unique que seul quelqu\u2019un comme Patrick TALOM, avec ses exp\u00e9riences de vie et sa profondeur spirituelle, peut partager.<\/p>\n","protected":false},"excerpt":{"rendered":"<p>\ud83d\udcd6 <em data-start=\"74\" data-end=\"84\">Ma Force de vivre \u00a0<\/em> \u2013 Plongez dans le t\u00e9moignage puissant de Patrick TALOM \u00e0 travers ce livre num\u00e9rique. T\u00e9l\u00e9chargement imm\u00e9diat disponible ! Explorez les croisements entre la vie, la v\u00e9rit\u00e9 et la sagesse spirituelle en fran\u00e7ais. Un voyage \u00e0 travers des exp\u00e9riences personnelles qui refl\u00e8tent une compr\u00e9hension plus profonde de la \u00ab\u00a0VOIE\u00a0\u00bb et de la vie dans la v\u00e9rit\u00e9 au quotidien. \ud83c\udf10\ud83d\udce5<\/p>\n","protected":false},"featured_media":718,"comment_status":"open","ping_status":"closed","template":"","meta":{"site-sidebar-layout":"default","site-content-layout":"","ast-site-content-layout":"default","site-content-style":"default","site-sidebar-style":"default","ast-global-header-display":"","ast-banner-title-visibility":"","ast-main-header-display":"","ast-hfb-above-header-display":"","ast-hfb-below-header-display":"","ast-hfb-mobile-header-display":"","site-post-title":"","ast-breadcrumbs-content":"","ast-featured-img":"","footer-sml-layout":"","ast-disable-related-posts":"","theme-transparent-header-meta":"default","adv-header-id-meta":"","stick-header-meta":"","header-above-stick-meta":"","header-main-stick-meta":"","header-below-stick-meta":"","astra-migrate-meta-layouts":"set","ast-page-background-enabled":"default","ast-page-background-meta":{"desktop":{"background-color":"var(--ast-global-color-4)","background-image":"","background-repeat":"repeat","background-position":"center center","background-size":"auto","background-attachment":"scroll","background-type":"","background-media":"","overlay-type":"","overlay-color":"","overlay-opacity":"","overlay-gradient":""},"tablet":{"background-color":"","background-image":"","background-repeat":"repeat","background-position":"center center","background-size":"auto","background-attachment":"scroll","background-type":"","background-media":"","overlay-type":"","overlay-color":"","overlay-opacity":"","overlay-gradient":""},"mobile":{"background-color":"","background-image":"","background-repeat":"repeat","background-position":"center center","background-size":"auto","background-attachment":"scroll","background-type":"","background-media":"","overlay-type":"","overlay-color":"","overlay-opacity":"","overlay-gradient":""}},"ast-content-background-meta":{"desktop":{"background-color":"var(--ast-global-color-5)","background-image":"","background-repeat":"repeat","background-position":"center center","background-size":"auto","background-attachment":"scroll","background-type":"","background-media":"","overlay-type":"","overlay-color":"","overlay-opacity":"","overlay-gradient":""},"tablet":{"background-color":"var(--ast-global-color-5)","background-image":"","background-repeat":"repeat","background-position":"center center","background-size":"auto","background-attachment":"scroll","background-type":"","background-media":"","overlay-type":"","overlay-color":"","overlay-opacity":"","overlay-gradient":""},"mobile":{"background-color":"var(--ast-global-color-5)","background-image":"","background-repeat":"repeat","background-position":"center center","background-size":"auto","background-attachment":"scroll","background-type":"","background-media":"","overlay-type":"","overlay-color":"","overlay-opacity":"","overlay-gradient":""}}},"product_brand":[],"product_cat":[17],"product_tag":[],"class_list":{"0":"post-739","1":"product","2":"type-product","3":"status-publish","4":"has-post-thumbnail","6":"product_cat-e-book","7":"desktop-align-left","8":"tablet-align-left","9":"mobile-align-left","11":"first","12":"instock","13":"downloadable","14":"shipping-taxable","15":"purchasable","16":"product-type-simple"},"_links":{"self":[{"href":"https:\/\/handysunmonde.com\/index.php\/wp-json\/wp\/v2\/product\/739","targetHints":{"allow":["GET"]}}],"collection":[{"href":"https:\/\/handysunmonde.com\/index.php\/wp-json\/wp\/v2\/product"}],"about":[{"href":"https:\/\/handysunmonde.com\/index.php\/wp-json\/wp\/v2\/types\/product"}],"replies":[{"embeddable":true,"href":"https:\/\/handysunmonde.com\/index.php\/wp-json\/wp\/v2\/comments?post=739"}],"wp:featuredmedia":[{"embeddable":true,"href":"https:\/\/handysunmonde.com\/index.php\/wp-json\/wp\/v2\/media\/718"}],"wp:attachment":[{"href":"https:\/\/handysunmonde.com\/index.php\/wp-json\/wp\/v2\/media?parent=739"}],"wp:term":[{"taxonomy":"product_brand","embeddable":true,"href":"https:\/\/handysunmonde.com\/index.php\/wp-json\/wp\/v2\/product_brand?post=739"},{"taxonomy":"product_cat","embeddable":true,"href":"https:\/\/handysunmonde.com\/index.php\/wp-json\/wp\/v2\/product_cat?post=739"},{"taxonomy":"product_tag","embeddable":true,"href":"https:\/\/handysunmonde.com\/index.php\/wp-json\/wp\/v2\/product_tag?post=739"}],"curies":[{"name":"wp","href":"https:\/\/api.w.org\/{rel}","templated":true}]}}