{"id":26,"date":"2023-07-19T20:25:46","date_gmt":"2023-07-19T18:25:46","guid":{"rendered":"https:\/\/handysunmonde.com\/index.php\/contact-patrick\/"},"modified":"2025-04-10T19:07:13","modified_gmt":"2025-04-10T17:07:13","slug":"contact-patrick","status":"publish","type":"page","link":"https:\/\/handysunmonde.com\/index.php\/contact-patrick\/","title":{"rendered":"Contact"},"content":{"rendered":"\t\t<div data-elementor-type=\"wp-page\" data-elementor-id=\"26\" class=\"elementor elementor-26\">\n\t\t\t\t\t\t<section class=\"elementor-section elementor-top-section elementor-element elementor-element-851855c elementor-section-boxed elementor-section-height-default elementor-section-height-default\" data-id=\"851855c\" data-element_type=\"section\" data-e-type=\"section\">\n\t\t\t\t\t\t<div class=\"elementor-container elementor-column-gap-default\">\n\t\t\t\t\t<div class=\"elementor-column elementor-col-100 elementor-top-column elementor-element elementor-element-1690695\" data-id=\"1690695\" data-element_type=\"column\" data-e-type=\"column\">\n\t\t\t<div class=\"elementor-widget-wrap elementor-element-populated\">\n\t\t\t\t\t\t<div class=\"elementor-element elementor-element-a5513d6 elementor-widget elementor-widget-heading\" data-id=\"a5513d6\" data-element_type=\"widget\" data-e-type=\"widget\" data-widget_type=\"heading.default\">\n\t\t\t\t<div class=\"elementor-widget-container\">\n\t\t\t\t\t<h2 class=\"elementor-heading-title elementor-size-default\">Formulaire de contacts<\/h2>\t\t\t\t<\/div>\n\t\t\t\t<\/div>\n\t\t\t\t<div class=\"elementor-element elementor-element-c367f38 elementor-widget elementor-widget-ucaddon_contact_form_7\" data-id=\"c367f38\" data-element_type=\"widget\" data-e-type=\"widget\" data-widget_type=\"ucaddon_contact_form_7.default\">\n\t\t\t\t<div class=\"elementor-widget-container\">\n\t\t\t\t\t\n<!-- start Contact Form 7 -->\n<style>\/* widget: Contact Form 7 *\/\n\n#uc_contact_form_7_elementor_c367f38 {\n  display: flex;  \n  flex-direction: column;\n}\n#uc_contact_form_7_elementor_c367f38 .wpcf7-list-item {\n    margin: 0 0 0 8px;\n}\n\n#uc_contact_form_7_elementor_c367f38 .wpcf7-form p:has(.wpcf7-submit){\n  display:flex;\n  flex-wrap: wrap;\n}\n\n#uc_contact_form_7_elementor_c367f38 .ue_contact_form_7 label{\n  display: block;\n}\n\n#uc_contact_form_7_elementor_c367f38 .wpcf7-checkbox, #uc_contact_form_7_elementor_c367f38 .wpcf7-radio{\n  display:flex;\n  flex-wrap: wrap;\n}\n\n#uc_contact_form_7_elementor_c367f38 .wpcf7-form-control-wrap{\n  display:flex;\n  width:100%;\n  flex-wrap: wrap;\n}\n\n\n\n\n.ue_contact_form_7 p > label{\n  line-height: inherit;\n}\n\n<\/style>\n\n<div id=\"uc_contact_form_7_elementor_c367f38\" class=\"ue_contact_form_7\">\n  <div class=\"ue_form_wrapper\">\n            \n    \n<div class=\"wpcf7 no-js\" id=\"wpcf7-f309-o1\" lang=\"fr-FR\" dir=\"ltr\" data-wpcf7-id=\"309\">\n<div class=\"screen-reader-response\"><p role=\"status\" aria-live=\"polite\" aria-atomic=\"true\"><\/p> <ul><\/ul><\/div>\n<form action=\"\/index.php\/wp-json\/wp\/v2\/pages\/26#wpcf7-f309-o1\" method=\"post\" class=\"wpcf7-form init\" aria-label=\"Formulaire de contact\" novalidate=\"novalidate\" data-status=\"init\">\n<fieldset class=\"hidden-fields-container\"><input type=\"hidden\" name=\"_wpcf7\" value=\"309\" \/><input type=\"hidden\" name=\"_wpcf7_version\" value=\"6.1.5\" \/><input type=\"hidden\" name=\"_wpcf7_locale\" value=\"fr_FR\" \/><input type=\"hidden\" name=\"_wpcf7_unit_tag\" value=\"wpcf7-f309-o1\" \/><input type=\"hidden\" name=\"_wpcf7_container_post\" value=\"0\" \/><input type=\"hidden\" name=\"_wpcf7_posted_data_hash\" value=\"\" \/><input type=\"hidden\" name=\"_wpcf7_recaptcha_response\" value=\"\" \/>\n<\/fieldset>\n<p><label> Votre nom et Pr\u00e9nom<br \/>\n<span class=\"wpcf7-form-control-wrap\" data-name=\"your-name\"><input size=\"40\" maxlength=\"400\" class=\"wpcf7-form-control wpcf7-text wpcf7-validates-as-required\" autocomplete=\"name\" aria-required=\"true\" aria-invalid=\"false\" value=\"\" type=\"text\" name=\"your-name\" \/><\/span> <\/label>\n<\/p>\n<p><label> votre t\u00e9l\u00e9phone<br \/>\n<span class=\"wpcf7-form-control-wrap\" data-name=\"Tlphone\"><input size=\"40\" maxlength=\"400\" class=\"wpcf7-form-control wpcf7-tel wpcf7-validates-as-required wpcf7-text wpcf7-validates-as-tel\" aria-required=\"true\" aria-invalid=\"false\" value=\"\" type=\"tel\" name=\"Tlphone\" \/><\/span><br \/>\n<\/label><label> Votre e-mail<br \/>\n<span class=\"wpcf7-form-control-wrap\" data-name=\"your-email\"><input size=\"40\" maxlength=\"400\" class=\"wpcf7-form-control wpcf7-email wpcf7-validates-as-required wpcf7-text wpcf7-validates-as-email\" autocomplete=\"email\" aria-required=\"true\" aria-invalid=\"false\" value=\"\" type=\"email\" name=\"your-email\" \/><\/span> <\/label>\n<\/p>\n<p><label> forme juridique<br \/>\n<span class=\"wpcf7-form-control-wrap\" data-name=\"Entit\"><span class=\"wpcf7-form-control wpcf7-checkbox\"><span class=\"wpcf7-list-item first\"><label><span class=\"wpcf7-list-item-label\">Particulier<\/span><input type=\"checkbox\" name=\"Entit[]\" value=\"Particulier\" \/><\/label><\/span><span class=\"wpcf7-list-item\"><label><span class=\"wpcf7-list-item-label\">Professionnel<\/span><input type=\"checkbox\" name=\"Entit[]\" value=\"Professionnel\" \/><\/label><\/span><span class=\"wpcf7-list-item\"><label><span class=\"wpcf7-list-item-label\">Association<\/span><input type=\"checkbox\" name=\"Entit[]\" value=\"Association\" \/><\/label><\/span><span class=\"wpcf7-list-item\"><label><span class=\"wpcf7-list-item-label\">Universit\u00e9<\/span><input type=\"checkbox\" name=\"Entit[]\" value=\"Universit\u00e9\" \/><\/label><\/span><span class=\"wpcf7-list-item last\"><label><span class=\"wpcf7-list-item-label\">Autre<\/span><input type=\"checkbox\" name=\"Entit[]\" value=\"Autre\" \/><\/label><\/span><\/span><\/span><br \/>\n<\/label><label> pour quelle prestation<br \/>\n<span class=\"wpcf7-form-control-wrap\" data-name=\"Prestation\"><span class=\"wpcf7-form-control wpcf7-checkbox\"><span class=\"wpcf7-list-item first\"><label><span class=\"wpcf7-list-item-label\">Accompagnement individuel<\/span><input type=\"checkbox\" name=\"Prestation[]\" value=\"Accompagnement individuel\" \/><\/label><\/span><span class=\"wpcf7-list-item\"><label><span class=\"wpcf7-list-item-label\">Bilan de comp\u00e9tences<\/span><input type=\"checkbox\" name=\"Prestation[]\" value=\"Bilan de comp\u00e9tences\" \/><\/label><\/span><span class=\"wpcf7-list-item\"><label><span class=\"wpcf7-list-item-label\">Conf\u00e9rence<\/span><input type=\"checkbox\" name=\"Prestation[]\" value=\"Conf\u00e9rence\" \/><\/label><\/span><span class=\"wpcf7-list-item last\"><label><span class=\"wpcf7-list-item-label\">Intervention<\/span><input type=\"checkbox\" name=\"Prestation[]\" value=\"Intervention\" \/><\/label><\/span><\/span><\/span><br \/>\n<\/label><label> mentions l\u00e9gales<br \/>\n<span class=\"wpcf7-form-control-wrap\" data-name=\"acceptance-724\"><span class=\"wpcf7-form-control wpcf7-acceptance optional\"><span class=\"wpcf7-list-item\"><label><input type=\"checkbox\" name=\"acceptance-724\" value=\"1\" aria-invalid=\"false\" \/><span class=\"wpcf7-list-item-label\">J'accepte que mes donn\u00e9es personnelles soit trait\u00e9 par Patrick Talom<\/span><\/label><\/span><\/span><\/span><br \/>\n<input class=\"wpcf7-form-control wpcf7-submit has-spinner\" type=\"submit\" value=\"Envoyer\" \/><\/label>\n<\/p><div class=\"wpcf7-response-output\" aria-hidden=\"true\"><\/div>\n<\/form>\n<\/div>\n    \n  <\/div>\n<\/div>\n<!-- end Contact Form 7 -->\t\t\t\t<\/div>\n\t\t\t\t<\/div>\n\t\t\t\t\t<\/div>\n\t\t<\/div>\n\t\t\t\t\t<\/div>\n\t\t<\/section>\n\t\t\t\t<section class=\"elementor-section elementor-top-section elementor-element elementor-element-68801c65 elementor-section-boxed elementor-section-height-default elementor-section-height-default\" data-id=\"68801c65\" data-element_type=\"section\" data-e-type=\"section\">\n\t\t\t\t\t\t<div class=\"elementor-container elementor-column-gap-default\">\n\t\t\t\t\t<div class=\"elementor-column elementor-col-100 elementor-top-column elementor-element elementor-element-55b6b1de\" data-id=\"55b6b1de\" data-element_type=\"column\" data-e-type=\"column\">\n\t\t\t<div class=\"elementor-widget-wrap elementor-element-populated\">\n\t\t\t\t\t\t<div class=\"elementor-element elementor-element-6052f359 elementor-widget elementor-widget-text-editor\" data-id=\"6052f359\" data-element_type=\"widget\" data-e-type=\"widget\" data-widget_type=\"text-editor.default\">\n\t\t\t\t<div class=\"elementor-widget-container\">\n\t\t\t\t\t\t\t\t\t<p><\/p>\n<p>\u00a0<\/p>\n<p><\/p>\n<p><\/p>\n<p>Nous serions ravis de vous entendre. Que vous ayez des questions, des commentaires ou que vous souhaitiez simplement en savoir plus sur Handy Sun Monde, n&rsquo;h\u00e9sitez pas \u00e0 nous contacter. Voici comment vous pouvez nous joindre :<\/p>\n<p><\/p>\n<p><\/p>\n<p><strong>Par t\u00e9l\u00e9phone :<\/strong> Vous pouvez nous appeler au <b>06 50 02 46 51<\/b>. Nous sommes disponibles pour r\u00e9pondre \u00e0 vos questions et discuter de vos besoins.<\/p>\n<p><\/p>\n<p><\/p>\n<p><strong>Par email :<\/strong> Vous pouvez nous envoyer un email \u00e0 <a href=\"mailto:talomfotsopatrick@gmail.com\">talomfotsopatrick@gmail.com<\/a> ou <a href=\"mailto:handysunmonde@gmail.com\">handysunmonde@gmail.com<\/a>. Nous nous effor\u00e7ons de r\u00e9pondre \u00e0 tous les emails dans les plus brefs d\u00e9lais.<\/p>\n<p><\/p>\n<p><\/p>\n<p><strong>Sur LinkedIn :<\/strong> Vous pouvez \u00e9galement nous contacter via LinkedIn. Visitez notre profil \u00e0 l&rsquo;adresse suivante : <a href=\"https:\/\/www.linkedin.com\/in\/patrick-talom\" target=\"_blank\" rel=\"noopener\">https:\/\/www.linkedin.com\/in\/patrick-talom<\/a><\/p>\n<p><\/p>\n<p><\/p>\n<p><strong>Adresse postale :<\/strong> Si vous pr\u00e9f\u00e9rez nous \u00e9crire, notre adresse postale est la suivante : HANDY.SUN.MONDE, 1C RUE FONTAINE DEL SAUX, 59120-LOOS<\/p>\n<p><\/p>\n<p><\/p>\n<p>Nous sommes impatients de vous entendre et de travailler avec vous pour promouvoir une soci\u00e9t\u00e9 plus inclusive.<\/p>\n<p><\/p>\t\t\t\t\t\t\t\t<\/div>\n\t\t\t\t<\/div>\n\t\t\t\t\t<\/div>\n\t\t<\/div>\n\t\t\t\t\t<\/div>\n\t\t<\/section>\n\t\t\t\t<section class=\"elementor-section elementor-top-section elementor-element elementor-element-8ebb940 elementor-section-boxed elementor-section-height-default elementor-section-height-default\" data-id=\"8ebb940\" data-element_type=\"section\" data-e-type=\"section\">\n\t\t\t\t\t\t<div class=\"elementor-container elementor-column-gap-default\">\n\t\t\t\t\t<div class=\"elementor-column elementor-col-33 elementor-top-column elementor-element elementor-element-c354542\" data-id=\"c354542\" data-element_type=\"column\" data-e-type=\"column\">\n\t\t\t<div class=\"elementor-widget-wrap elementor-element-populated\">\n\t\t\t\t\t\t<div class=\"elementor-element elementor-element-2d7ba47 elementor-widget elementor-widget-ucaddon_simple_artistic_button\" data-id=\"2d7ba47\" data-element_type=\"widget\" data-e-type=\"widget\" data-widget_type=\"ucaddon_simple_artistic_button.default\">\n\t\t\t\t<div class=\"elementor-widget-container\">\n\t\t\t\t\t\n<!-- start Simple Artistic Button -->\n<style>\/* widget: Simple Artistic Button *\/\n\n#uc_simple_artistic_button_elementor_2d7ba47\n{\n  text-align:center;\n}\n \n#uc_simple_artistic_button_elementor_2d7ba47 a {\n  border-style:solid;\n  border-color:#000000;\n  position: relative;\n  background-color: transparent;\n  color:#000000;\n  text-decoration:none;\n  display:inline-block;\n}\n#uc_simple_artistic_button_elementor_2d7ba47 a span {\n}\n#uc_simple_artistic_button_elementor_2d7ba47 a:after {\n  position: absolute;\n  top: 10px;\n  left: 10px;\n  height: 100%;\n  width: 100%;\n  background-color: #F16936;\n  content: \"\";\n  z-index: -1;\n  -webkit-transition: width 0.2s ease-out 0.2s, -webkit-transform 0.2s ease-in;\n  transition: width 0.2s ease-out 0.2s, -webkit-transform 0.2s ease-in;\n  transition: transform 0.2s ease-in, width 0.2s ease-out 0.2s;\n  transition: transform 0.2s ease-in, width 0.2s ease-out 0.2s, -webkit-transform 0.2s ease-in;\n}\n#uc_simple_artistic_button_elementor_2d7ba47 a:hover:after {\n  -webkit-transform: translate(-10px, -10px);\n  transform: translate(-10px, -10px);\n  width: calc(100% - 10px);\n}\n#uc_simple_artistic_button_elementor_2d7ba47 a:active:after {\n  width: 100%;\n}\n\n<\/style>\n\n<div id=\"uc_simple_artistic_button_elementor_2d7ba47\">\n<a class=\"simple_artistic_button\" href=\"https:\/\/handysunmonde.com\/index.php\/mes-services-patrick\/\">\n  <span>Mes services<\/span>\n<\/a>\n<\/div>\n<!-- end Simple Artistic Button -->\t\t\t\t<\/div>\n\t\t\t\t<\/div>\n\t\t\t\t\t<\/div>\n\t\t<\/div>\n\t\t\t\t<div class=\"elementor-column elementor-col-33 elementor-top-column elementor-element elementor-element-7200f19\" data-id=\"7200f19\" data-element_type=\"column\" data-e-type=\"column\">\n\t\t\t<div class=\"elementor-widget-wrap elementor-element-populated\">\n\t\t\t\t\t\t<div class=\"elementor-element elementor-element-0157385 elementor-widget elementor-widget-ucaddon_simple_artistic_button\" data-id=\"0157385\" data-element_type=\"widget\" data-e-type=\"widget\" data-widget_type=\"ucaddon_simple_artistic_button.default\">\n\t\t\t\t<div class=\"elementor-widget-container\">\n\t\t\t\t\t\n<!-- start Simple Artistic Button -->\n<style>\/* widget: Simple Artistic Button *\/\n\n#uc_simple_artistic_button_elementor_0157385\n{\n  text-align:center;\n}\n \n#uc_simple_artistic_button_elementor_0157385 a {\n  border-style:solid;\n  border-color:#000000;\n  position: relative;\n  background-color: transparent;\n  color:#000000;\n  text-decoration:none;\n  display:inline-block;\n}\n#uc_simple_artistic_button_elementor_0157385 a span {\n}\n#uc_simple_artistic_button_elementor_0157385 a:after {\n  position: absolute;\n  top: 10px;\n  left: 10px;\n  height: 100%;\n  width: 100%;\n  background-color: #FA03DA;\n  content: \"\";\n  z-index: -1;\n  -webkit-transition: width 0.2s ease-out 0.2s, -webkit-transform 0.2s ease-in;\n  transition: width 0.2s ease-out 0.2s, -webkit-transform 0.2s ease-in;\n  transition: transform 0.2s ease-in, width 0.2s ease-out 0.2s;\n  transition: transform 0.2s ease-in, width 0.2s ease-out 0.2s, -webkit-transform 0.2s ease-in;\n}\n#uc_simple_artistic_button_elementor_0157385 a:hover:after {\n  -webkit-transform: translate(-10px, -10px);\n  transform: translate(-10px, -10px);\n  width: calc(100% - 10px);\n}\n#uc_simple_artistic_button_elementor_0157385 a:active:after {\n  width: 100%;\n}\n\n<\/style>\n\n<div id=\"uc_simple_artistic_button_elementor_0157385\">\n<a class=\"simple_artistic_button\" href=\"https:\/\/handysunmonde.com\/index.php\/savoir-faire-patrick\/\">\n  <span>Mon savoir-faire<\/span>\n<\/a>\n<\/div>\n<!-- end Simple Artistic Button -->\t\t\t\t<\/div>\n\t\t\t\t<\/div>\n\t\t\t\t\t<\/div>\n\t\t<\/div>\n\t\t\t\t<div class=\"elementor-column elementor-col-33 elementor-top-column elementor-element elementor-element-ec06aa4\" data-id=\"ec06aa4\" data-element_type=\"column\" data-e-type=\"column\">\n\t\t\t<div class=\"elementor-widget-wrap elementor-element-populated\">\n\t\t\t\t\t\t<div class=\"elementor-element elementor-element-3fb560f elementor-widget elementor-widget-ucaddon_simple_artistic_button\" data-id=\"3fb560f\" data-element_type=\"widget\" data-e-type=\"widget\" data-widget_type=\"ucaddon_simple_artistic_button.default\">\n\t\t\t\t<div class=\"elementor-widget-container\">\n\t\t\t\t\t\n<!-- start Simple Artistic Button -->\n<style>\/* widget: Simple Artistic Button *\/\n\n#uc_simple_artistic_button_elementor_3fb560f\n{\n  text-align:center;\n}\n \n#uc_simple_artistic_button_elementor_3fb560f a {\n  border-style:solid;\n  border-color:#000000;\n  position: relative;\n  background-color: transparent;\n  color:#000000;\n  text-decoration:none;\n  display:inline-block;\n}\n#uc_simple_artistic_button_elementor_3fb560f a span {\n}\n#uc_simple_artistic_button_elementor_3fb560f a:after {\n  position: absolute;\n  top: 10px;\n  left: 10px;\n  height: 100%;\n  width: 100%;\n  background-color: #ffea00;\n  content: \"\";\n  z-index: -1;\n  -webkit-transition: width 0.2s ease-out 0.2s, -webkit-transform 0.2s ease-in;\n  transition: width 0.2s ease-out 0.2s, -webkit-transform 0.2s ease-in;\n  transition: transform 0.2s ease-in, width 0.2s ease-out 0.2s;\n  transition: transform 0.2s ease-in, width 0.2s ease-out 0.2s, -webkit-transform 0.2s ease-in;\n}\n#uc_simple_artistic_button_elementor_3fb560f a:hover:after {\n  -webkit-transform: translate(-10px, -10px);\n  transform: translate(-10px, -10px);\n  width: calc(100% - 10px);\n}\n#uc_simple_artistic_button_elementor_3fb560f a:active:after {\n  width: 100%;\n}\n\n<\/style>\n\n<div id=\"uc_simple_artistic_button_elementor_3fb560f\">\n<a class=\"simple_artistic_button\" href=\"https:\/\/handysunmonde.com\/index.php\/la-librairie-patrick\/\">\n  <span>La librairie<\/span>\n<\/a>\n<\/div>\n<!-- end Simple Artistic Button -->\t\t\t\t<\/div>\n\t\t\t\t<\/div>\n\t\t\t\t\t<\/div>\n\t\t<\/div>\n\t\t\t\t\t<\/div>\n\t\t<\/section>\n\t\t\t\t<\/div>\n\t\t","protected":false},"excerpt":{"rendered":"<p>Formulaire de contacts Votre nom et Pr\u00e9nom votre t\u00e9l\u00e9phone Votre e-mail forme juridique ParticulierProfessionnelAssociationUniversit\u00e9Autre pour quelle prestation Accompagnement individuelBilan de comp\u00e9tencesConf\u00e9renceIntervention mentions l\u00e9gales J&rsquo;accepte que mes donn\u00e9es personnelles soit trait\u00e9 par Patrick Talom \u00a0 Nous serions ravis de vous entendre. Que vous ayez des questions, des commentaires ou que vous souhaitiez simplement en savoir plus [&hellip;]<\/p>\n","protected":false},"author":1,"featured_media":34,"parent":0,"menu_order":0,"comment_status":"closed","ping_status":"closed","template":"","meta":{"site-sidebar-layout":"default","site-content-layout":"","ast-site-content-layout":"default","site-content-style":"default","site-sidebar-style":"default","ast-global-header-display":"","ast-banner-title-visibility":"","ast-main-header-display":"","ast-hfb-above-header-display":"","ast-hfb-below-header-display":"","ast-hfb-mobile-header-display":"","site-post-title":"","ast-breadcrumbs-content":"","ast-featured-img":"","footer-sml-layout":"","ast-disable-related-posts":"","theme-transparent-header-meta":"","adv-header-id-meta":"","stick-header-meta":"","header-above-stick-meta":"","header-main-stick-meta":"","header-below-stick-meta":"","astra-migrate-meta-layouts":"default","ast-page-background-enabled":"default","ast-page-background-meta":{"desktop":{"background-color":"var(--ast-global-color-4)","background-image":"","background-repeat":"repeat","background-position":"center center","background-size":"auto","background-attachment":"scroll","background-type":"","background-media":"","overlay-type":"","overlay-color":"","overlay-opacity":"","overlay-gradient":""},"tablet":{"background-color":"","background-image":"","background-repeat":"repeat","background-position":"center center","background-size":"auto","background-attachment":"scroll","background-type":"","background-media":"","overlay-type":"","overlay-color":"","overlay-opacity":"","overlay-gradient":""},"mobile":{"background-color":"","background-image":"","background-repeat":"repeat","background-position":"center center","background-size":"auto","background-attachment":"scroll","background-type":"","background-media":"","overlay-type":"","overlay-color":"","overlay-opacity":"","overlay-gradient":""}},"ast-content-background-meta":{"desktop":{"background-color":"var(--ast-global-color-5)","background-image":"","background-repeat":"repeat","background-position":"center center","background-size":"auto","background-attachment":"scroll","background-type":"","background-media":"","overlay-type":"","overlay-color":"","overlay-opacity":"","overlay-gradient":""},"tablet":{"background-color":"var(--ast-global-color-5)","background-image":"","background-repeat":"repeat","background-position":"center center","background-size":"auto","background-attachment":"scroll","background-type":"","background-media":"","overlay-type":"","overlay-color":"","overlay-opacity":"","overlay-gradient":""},"mobile":{"background-color":"var(--ast-global-color-5)","background-image":"","background-repeat":"repeat","background-position":"center center","background-size":"auto","background-attachment":"scroll","background-type":"","background-media":"","overlay-type":"","overlay-color":"","overlay-opacity":"","overlay-gradient":""}},"footnotes":""},"class_list":["post-26","page","type-page","status-publish","has-post-thumbnail","hentry"],"_links":{"self":[{"href":"https:\/\/handysunmonde.com\/index.php\/wp-json\/wp\/v2\/pages\/26","targetHints":{"allow":["GET"]}}],"collection":[{"href":"https:\/\/handysunmonde.com\/index.php\/wp-json\/wp\/v2\/pages"}],"about":[{"href":"https:\/\/handysunmonde.com\/index.php\/wp-json\/wp\/v2\/types\/page"}],"author":[{"embeddable":true,"href":"https:\/\/handysunmonde.com\/index.php\/wp-json\/wp\/v2\/users\/1"}],"replies":[{"embeddable":true,"href":"https:\/\/handysunmonde.com\/index.php\/wp-json\/wp\/v2\/comments?post=26"}],"version-history":[{"count":35,"href":"https:\/\/handysunmonde.com\/index.php\/wp-json\/wp\/v2\/pages\/26\/revisions"}],"predecessor-version":[{"id":786,"href":"https:\/\/handysunmonde.com\/index.php\/wp-json\/wp\/v2\/pages\/26\/revisions\/786"}],"wp:featuredmedia":[{"embeddable":true,"href":"https:\/\/handysunmonde.com\/index.php\/wp-json\/wp\/v2\/media\/34"}],"wp:attachment":[{"href":"https:\/\/handysunmonde.com\/index.php\/wp-json\/wp\/v2\/media?parent=26"}],"curies":[{"name":"wp","href":"https:\/\/api.w.org\/{rel}","templated":true}]}}