{"id":24,"date":"2023-07-18T19:04:54","date_gmt":"2023-07-18T17:04:54","guid":{"rendered":"https:\/\/handysunmonde.com\/index.php\/mon-histoire\/"},"modified":"2025-04-10T18:59:12","modified_gmt":"2025-04-10T16:59:12","slug":"mon-histoire","status":"publish","type":"page","link":"https:\/\/handysunmonde.com\/index.php\/mon-histoire\/","title":{"rendered":"Mon histoire"},"content":{"rendered":"\t\t<div data-elementor-type=\"wp-page\" data-elementor-id=\"24\" class=\"elementor elementor-24\">\n\t\t\t\t\t\t<section class=\"elementor-section elementor-top-section elementor-element elementor-element-5c5a37f elementor-section-boxed elementor-section-height-default elementor-section-height-default\" data-id=\"5c5a37f\" data-element_type=\"section\" data-e-type=\"section\">\n\t\t\t\t\t\t<div class=\"elementor-container elementor-column-gap-default\">\n\t\t\t\t\t<div class=\"elementor-column elementor-col-100 elementor-top-column elementor-element elementor-element-545f5a7\" data-id=\"545f5a7\" data-element_type=\"column\" data-e-type=\"column\">\n\t\t\t<div class=\"elementor-widget-wrap elementor-element-populated\">\n\t\t\t\t\t\t<div class=\"elementor-element elementor-element-956912c elementor-widget elementor-widget-heading\" data-id=\"956912c\" data-element_type=\"widget\" data-e-type=\"widget\" data-widget_type=\"heading.default\">\n\t\t\t\t<div class=\"elementor-widget-container\">\n\t\t\t\t\t<h2 class=\"elementor-heading-title elementor-size-default\">Mon histoire<\/h2>\t\t\t\t<\/div>\n\t\t\t\t<\/div>\n\t\t\t\t\t<\/div>\n\t\t<\/div>\n\t\t\t\t\t<\/div>\n\t\t<\/section>\n\t\t\t\t<section class=\"elementor-section elementor-top-section elementor-element elementor-element-2f043449 elementor-section-boxed elementor-section-height-default elementor-section-height-default\" data-id=\"2f043449\" data-element_type=\"section\" data-e-type=\"section\">\n\t\t\t\t\t\t<div class=\"elementor-container elementor-column-gap-default\">\n\t\t\t\t\t<div class=\"elementor-column elementor-col-50 elementor-top-column elementor-element elementor-element-71cfc9da\" data-id=\"71cfc9da\" data-element_type=\"column\" data-e-type=\"column\">\n\t\t\t<div class=\"elementor-widget-wrap elementor-element-populated\">\n\t\t\t\t\t\t<div class=\"elementor-element elementor-element-ba9d0e5 elementor-widget elementor-widget-image\" data-id=\"ba9d0e5\" data-element_type=\"widget\" data-e-type=\"widget\" data-widget_type=\"image.default\">\n\t\t\t\t<div class=\"elementor-widget-container\">\n\t\t\t\t\t\t\t\t\t\t\t\t\t\t\t<img fetchpriority=\"high\" decoding=\"async\" width=\"679\" height=\"1024\" src=\"https:\/\/handysunmonde.com\/wp-content\/uploads\/2023\/07\/20220830_073742-679x1024.webp\" class=\"attachment-large size-large wp-image-50\" alt=\"\" srcset=\"https:\/\/handysunmonde.com\/wp-content\/uploads\/2023\/07\/20220830_073742-679x1024.webp 679w, https:\/\/handysunmonde.com\/wp-content\/uploads\/2023\/07\/20220830_073742-199x300.webp 199w, https:\/\/handysunmonde.com\/wp-content\/uploads\/2023\/07\/20220830_073742-768x1158.webp 768w, https:\/\/handysunmonde.com\/wp-content\/uploads\/2023\/07\/20220830_073742-1019x1536.webp 1019w, https:\/\/handysunmonde.com\/wp-content\/uploads\/2023\/07\/20220830_073742-600x904.webp 600w, https:\/\/handysunmonde.com\/wp-content\/uploads\/2023\/07\/20220830_073742-jpg.webp 1143w\" sizes=\"(max-width: 679px) 100vw, 679px\" \/>\t\t\t\t\t\t\t\t\t\t\t\t\t\t\t<\/div>\n\t\t\t\t<\/div>\n\t\t\t\t\t<\/div>\n\t\t<\/div>\n\t\t\t\t<div class=\"elementor-column elementor-col-50 elementor-top-column elementor-element elementor-element-8ba76cc\" data-id=\"8ba76cc\" data-element_type=\"column\" data-e-type=\"column\">\n\t\t\t<div class=\"elementor-widget-wrap elementor-element-populated\">\n\t\t\t\t\t\t<div class=\"elementor-element elementor-element-98406ba elementor-widget elementor-widget-text-editor\" data-id=\"98406ba\" data-element_type=\"widget\" data-e-type=\"widget\" data-widget_type=\"text-editor.default\">\n\t\t\t\t<div class=\"elementor-widget-container\">\n\t\t\t\t\t\t\t\t\t<p><\/p>\n<p>Handy Sun Monde est l&rsquo;aboutissement d&rsquo;un parcours de vie unique et inspirant, celui de son fondateur, Patrick Talom. Dyslexique et hyperactif de naissance, Patrick a \u00e9galement v\u00e9cu un accident de la route \u00e0 26 ans qui a entra\u00een\u00e9 un handicap moteur. Ces d\u00e9fis personnels auraient pu \u00eatre des obstacles insurmontables, mais Patrick a choisi de les transformer en opportunit\u00e9s.<\/p>\n<p><\/p>\n<p><\/p>\n<p>\u00c0 36 ans, il retourne \u00e0 l&rsquo;universit\u00e9 pour comprendre sa situation et se former dans la prise en compte du handicap dans ses trois dimensions : le corps, l&rsquo;\u00e2me et l&rsquo;esprit. Apr\u00e8s cinq ans d&rsquo;\u00e9tudes intensives, il obtient un Master 2 SHS option handicap, un Master en Sciences religieuses, une Licence canonique en th\u00e9ologie et un Dipl\u00f4me d&rsquo;aum\u00f4nier hospitalier.<\/p>\n<p><\/p>\n<p><\/p>\n<p>\u00c0 44 ans, Patrick cr\u00e9e Handy Sun Monde, une entreprise d\u00e9di\u00e9e \u00e0 l&rsquo;inclusion et \u00e0 la valorisation des personnes en situation de handicap. Il compl\u00e8te sa formation avec un Master 2 du Cnam en conseils, interventions et d\u00e9veloppement des comp\u00e9tences, un certificat en bilan des comp\u00e9tences \u00a0\u00e0 Universit\u00e9 de Lille, et un D.U.S.P en soins palliatifs .<\/p>\n<p><\/p>\n<p><\/p>\n<p>Patrick est \u00e9galement un sportif accompli, champion de France 2023 avec son \u00e9quipe de Rugby de Lille et d\u00e9tenteur d&rsquo;un record personnel de d\u00e9velopp\u00e9 couch\u00e9 avec 90 Kg. Sur le plan associatif, il est pr\u00e9sident de l&rsquo;association Palyrom en France et auteur de plus de 10 ouvrages.<\/p>\n<p><\/p>\n<p><\/p>\n<p>Handy Sun Monde est donc le fruit de l&rsquo;exp\u00e9rience personnelle, de la formation acad\u00e9mique et de l&rsquo;engagement de Patrick. C&rsquo;est une entreprise qui met l&rsquo;humain au c\u0153ur de ses actions, valorise les capacit\u00e9s et non les incapacit\u00e9s, et \u0153uvre pour une soci\u00e9t\u00e9 plus inclusive. En abordant le handicap \u00e0 360 degr\u00e9s\u00a0<\/p>\n<p><\/p>\t\t\t\t\t\t\t\t<\/div>\n\t\t\t\t<\/div>\n\t\t\t\t\t<\/div>\n\t\t<\/div>\n\t\t\t\t\t<\/div>\n\t\t<\/section>\n\t\t\t\t<section class=\"elementor-section elementor-top-section elementor-element elementor-element-3e4f106 elementor-section-boxed elementor-section-height-default elementor-section-height-default\" data-id=\"3e4f106\" data-element_type=\"section\" data-e-type=\"section\">\n\t\t\t\t\t\t<div class=\"elementor-container elementor-column-gap-default\">\n\t\t\t\t\t<div class=\"elementor-column elementor-col-33 elementor-top-column elementor-element elementor-element-b2d102d\" data-id=\"b2d102d\" data-element_type=\"column\" data-e-type=\"column\">\n\t\t\t<div class=\"elementor-widget-wrap elementor-element-populated\">\n\t\t\t\t\t\t<div class=\"elementor-element elementor-element-3d8f3d1 elementor-widget elementor-widget-ucaddon_simple_artistic_button\" data-id=\"3d8f3d1\" data-element_type=\"widget\" data-e-type=\"widget\" data-widget_type=\"ucaddon_simple_artistic_button.default\">\n\t\t\t\t<div class=\"elementor-widget-container\">\n\t\t\t\t\t\n<!-- start Simple Artistic Button -->\n<style>\/* widget: Simple Artistic Button *\/\n\n#uc_simple_artistic_button_elementor_3d8f3d1\n{\n  text-align:center;\n}\n \n#uc_simple_artistic_button_elementor_3d8f3d1 a {\n  border-style:solid;\n  border-color:#000000;\n  position: relative;\n  background-color: transparent;\n  color:#000000;\n  text-decoration:none;\n  display:inline-block;\n}\n#uc_simple_artistic_button_elementor_3d8f3d1 a span {\n}\n#uc_simple_artistic_button_elementor_3d8f3d1 a:after {\n  position: absolute;\n  top: 10px;\n  left: 10px;\n  height: 100%;\n  width: 100%;\n  background-color: #F16936;\n  content: \"\";\n  z-index: -1;\n  -webkit-transition: width 0.2s ease-out 0.2s, -webkit-transform 0.2s ease-in;\n  transition: width 0.2s ease-out 0.2s, -webkit-transform 0.2s ease-in;\n  transition: transform 0.2s ease-in, width 0.2s ease-out 0.2s;\n  transition: transform 0.2s ease-in, width 0.2s ease-out 0.2s, -webkit-transform 0.2s ease-in;\n}\n#uc_simple_artistic_button_elementor_3d8f3d1 a:hover:after {\n  -webkit-transform: translate(-10px, -10px);\n  transform: translate(-10px, -10px);\n  width: calc(100% - 10px);\n}\n#uc_simple_artistic_button_elementor_3d8f3d1 a:active:after {\n  width: 100%;\n}\n\n<\/style>\n\n<div id=\"uc_simple_artistic_button_elementor_3d8f3d1\">\n<a class=\"simple_artistic_button\" href=\"https:\/\/handysunmonde.com\/index.php\/mes-services-patrick\/\" >\n  <span>Mes services<\/span>\n<\/a>\n<\/div>\n<!-- end Simple Artistic Button -->\t\t\t\t<\/div>\n\t\t\t\t<\/div>\n\t\t\t\t\t<\/div>\n\t\t<\/div>\n\t\t\t\t<div class=\"elementor-column elementor-col-33 elementor-top-column elementor-element elementor-element-f4aeb8f\" data-id=\"f4aeb8f\" data-element_type=\"column\" data-e-type=\"column\">\n\t\t\t<div class=\"elementor-widget-wrap elementor-element-populated\">\n\t\t\t\t\t\t<div class=\"elementor-element elementor-element-5a82994 elementor-widget elementor-widget-ucaddon_simple_artistic_button\" data-id=\"5a82994\" data-element_type=\"widget\" data-e-type=\"widget\" data-widget_type=\"ucaddon_simple_artistic_button.default\">\n\t\t\t\t<div class=\"elementor-widget-container\">\n\t\t\t\t\t\n<!-- start Simple Artistic Button -->\n<style>\/* widget: Simple Artistic Button *\/\n\n#uc_simple_artistic_button_elementor_5a82994\n{\n  text-align:center;\n}\n \n#uc_simple_artistic_button_elementor_5a82994 a {\n  border-style:solid;\n  border-color:#000000;\n  position: relative;\n  background-color: transparent;\n  color:#000000;\n  text-decoration:none;\n  display:inline-block;\n}\n#uc_simple_artistic_button_elementor_5a82994 a span {\n}\n#uc_simple_artistic_button_elementor_5a82994 a:after {\n  position: absolute;\n  top: 10px;\n  left: 10px;\n  height: 100%;\n  width: 100%;\n  background-color: #FA03DA;\n  content: \"\";\n  z-index: -1;\n  -webkit-transition: width 0.2s ease-out 0.2s, -webkit-transform 0.2s ease-in;\n  transition: width 0.2s ease-out 0.2s, -webkit-transform 0.2s ease-in;\n  transition: transform 0.2s ease-in, width 0.2s ease-out 0.2s;\n  transition: transform 0.2s ease-in, width 0.2s ease-out 0.2s, -webkit-transform 0.2s ease-in;\n}\n#uc_simple_artistic_button_elementor_5a82994 a:hover:after {\n  -webkit-transform: translate(-10px, -10px);\n  transform: translate(-10px, -10px);\n  width: calc(100% - 10px);\n}\n#uc_simple_artistic_button_elementor_5a82994 a:active:after {\n  width: 100%;\n}\n\n<\/style>\n\n<div id=\"uc_simple_artistic_button_elementor_5a82994\">\n<a class=\"simple_artistic_button\" href=\"https:\/\/handysunmonde.com\/index.php\/savoir-faire-patrick\/\" >\n  <span>Mon savoir-faire<\/span>\n<\/a>\n<\/div>\n<!-- end Simple Artistic Button -->\t\t\t\t<\/div>\n\t\t\t\t<\/div>\n\t\t\t\t\t<\/div>\n\t\t<\/div>\n\t\t\t\t<div class=\"elementor-column elementor-col-33 elementor-top-column elementor-element elementor-element-4aa5272\" data-id=\"4aa5272\" data-element_type=\"column\" data-e-type=\"column\">\n\t\t\t<div class=\"elementor-widget-wrap elementor-element-populated\">\n\t\t\t\t\t\t<div class=\"elementor-element elementor-element-44fb651 elementor-widget elementor-widget-ucaddon_simple_artistic_button\" data-id=\"44fb651\" data-element_type=\"widget\" data-e-type=\"widget\" data-widget_type=\"ucaddon_simple_artistic_button.default\">\n\t\t\t\t<div class=\"elementor-widget-container\">\n\t\t\t\t\t\n<!-- start Simple Artistic Button -->\n<style>\/* widget: Simple Artistic Button *\/\n\n#uc_simple_artistic_button_elementor_44fb651\n{\n  text-align:center;\n}\n \n#uc_simple_artistic_button_elementor_44fb651 a {\n  border-style:solid;\n  border-color:#000000;\n  position: relative;\n  background-color: transparent;\n  color:#000000;\n  text-decoration:none;\n  display:inline-block;\n}\n#uc_simple_artistic_button_elementor_44fb651 a span {\n}\n#uc_simple_artistic_button_elementor_44fb651 a:after {\n  position: absolute;\n  top: 10px;\n  left: 10px;\n  height: 100%;\n  width: 100%;\n  background-color: #ffea00;\n  content: \"\";\n  z-index: -1;\n  -webkit-transition: width 0.2s ease-out 0.2s, -webkit-transform 0.2s ease-in;\n  transition: width 0.2s ease-out 0.2s, -webkit-transform 0.2s ease-in;\n  transition: transform 0.2s ease-in, width 0.2s ease-out 0.2s;\n  transition: transform 0.2s ease-in, width 0.2s ease-out 0.2s, -webkit-transform 0.2s ease-in;\n}\n#uc_simple_artistic_button_elementor_44fb651 a:hover:after {\n  -webkit-transform: translate(-10px, -10px);\n  transform: translate(-10px, -10px);\n  width: calc(100% - 10px);\n}\n#uc_simple_artistic_button_elementor_44fb651 a:active:after {\n  width: 100%;\n}\n\n<\/style>\n\n<div id=\"uc_simple_artistic_button_elementor_44fb651\">\n<a class=\"simple_artistic_button\" href=\"https:\/\/handysunmonde.com\/index.php\/la-librairie-patrick\/\" >\n  <span>La librairie<\/span>\n<\/a>\n<\/div>\n<!-- end Simple Artistic Button -->\t\t\t\t<\/div>\n\t\t\t\t<\/div>\n\t\t\t\t\t<\/div>\n\t\t<\/div>\n\t\t\t\t\t<\/div>\n\t\t<\/section>\n\t\t\t\t<\/div>\n\t\t","protected":false},"excerpt":{"rendered":"<p>Mon histoire Handy Sun Monde est l&rsquo;aboutissement d&rsquo;un parcours de vie unique et inspirant, celui de son fondateur, Patrick Talom. Dyslexique et hyperactif de naissance, Patrick a \u00e9galement v\u00e9cu un accident de la route \u00e0 26 ans qui a entra\u00een\u00e9 un handicap moteur. Ces d\u00e9fis personnels auraient pu \u00eatre des obstacles insurmontables, mais Patrick a [&hellip;]<\/p>\n","protected":false},"author":1,"featured_media":34,"parent":0,"menu_order":0,"comment_status":"closed","ping_status":"closed","template":"","meta":{"site-sidebar-layout":"default","site-content-layout":"","ast-site-content-layout":"default","site-content-style":"default","site-sidebar-style":"default","ast-global-header-display":"","ast-banner-title-visibility":"","ast-main-header-display":"","ast-hfb-above-header-display":"","ast-hfb-below-header-display":"","ast-hfb-mobile-header-display":"","site-post-title":"","ast-breadcrumbs-content":"","ast-featured-img":"","footer-sml-layout":"","ast-disable-related-posts":"","theme-transparent-header-meta":"","adv-header-id-meta":"","stick-header-meta":"","header-above-stick-meta":"","header-main-stick-meta":"","header-below-stick-meta":"","astra-migrate-meta-layouts":"default","ast-page-background-enabled":"default","ast-page-background-meta":{"desktop":{"background-color":"var(--ast-global-color-4)","background-image":"","background-repeat":"repeat","background-position":"center center","background-size":"auto","background-attachment":"scroll","background-type":"","background-media":"","overlay-type":"","overlay-color":"","overlay-opacity":"","overlay-gradient":""},"tablet":{"background-color":"","background-image":"","background-repeat":"repeat","background-position":"center center","background-size":"auto","background-attachment":"scroll","background-type":"","background-media":"","overlay-type":"","overlay-color":"","overlay-opacity":"","overlay-gradient":""},"mobile":{"background-color":"","background-image":"","background-repeat":"repeat","background-position":"center center","background-size":"auto","background-attachment":"scroll","background-type":"","background-media":"","overlay-type":"","overlay-color":"","overlay-opacity":"","overlay-gradient":""}},"ast-content-background-meta":{"desktop":{"background-color":"var(--ast-global-color-5)","background-image":"","background-repeat":"repeat","background-position":"center center","background-size":"auto","background-attachment":"scroll","background-type":"","background-media":"","overlay-type":"","overlay-color":"","overlay-opacity":"","overlay-gradient":""},"tablet":{"background-color":"var(--ast-global-color-5)","background-image":"","background-repeat":"repeat","background-position":"center center","background-size":"auto","background-attachment":"scroll","background-type":"","background-media":"","overlay-type":"","overlay-color":"","overlay-opacity":"","overlay-gradient":""},"mobile":{"background-color":"var(--ast-global-color-5)","background-image":"","background-repeat":"repeat","background-position":"center center","background-size":"auto","background-attachment":"scroll","background-type":"","background-media":"","overlay-type":"","overlay-color":"","overlay-opacity":"","overlay-gradient":""}},"footnotes":""},"class_list":["post-24","page","type-page","status-publish","has-post-thumbnail","hentry"],"_links":{"self":[{"href":"https:\/\/handysunmonde.com\/index.php\/wp-json\/wp\/v2\/pages\/24","targetHints":{"allow":["GET"]}}],"collection":[{"href":"https:\/\/handysunmonde.com\/index.php\/wp-json\/wp\/v2\/pages"}],"about":[{"href":"https:\/\/handysunmonde.com\/index.php\/wp-json\/wp\/v2\/types\/page"}],"author":[{"embeddable":true,"href":"https:\/\/handysunmonde.com\/index.php\/wp-json\/wp\/v2\/users\/1"}],"replies":[{"embeddable":true,"href":"https:\/\/handysunmonde.com\/index.php\/wp-json\/wp\/v2\/comments?post=24"}],"version-history":[{"count":29,"href":"https:\/\/handysunmonde.com\/index.php\/wp-json\/wp\/v2\/pages\/24\/revisions"}],"predecessor-version":[{"id":770,"href":"https:\/\/handysunmonde.com\/index.php\/wp-json\/wp\/v2\/pages\/24\/revisions\/770"}],"wp:featuredmedia":[{"embeddable":true,"href":"https:\/\/handysunmonde.com\/index.php\/wp-json\/wp\/v2\/media\/34"}],"wp:attachment":[{"href":"https:\/\/handysunmonde.com\/index.php\/wp-json\/wp\/v2\/media?parent=24"}],"curies":[{"name":"wp","href":"https:\/\/api.w.org\/{rel}","templated":true}]}}